{"id":987738,"date":"2024-04-02T16:44:03","date_gmt":"2024-04-02T16:44:03","guid":{"rendered":"https:\/\/alaskamedya.net\/demo\/ars10\/?page_id=987738"},"modified":"2026-04-22T13:38:40","modified_gmt":"2026-04-22T13:38:40","slug":"hakkimizda","status":"publish","type":"page","link":"https:\/\/deniss.com.tr\/en\/hakkimizda\/","title":{"rendered":"About Us"},"content":{"rendered":"<div data-elementor-type=\"wp-page\" data-elementor-id=\"987738\" class=\"elementor elementor-987738\" data-elementor-post-type=\"page\">\n\t\t\t\t<div class=\"elementor-element elementor-element-641a133 e-flex e-con-boxed e-con e-parent\" data-id=\"641a133\" data-element_type=\"container\" data-settings=\"{&quot;background_background&quot;:&quot;classic&quot;,&quot;shape_divider_bottom&quot;:&quot;arrow&quot;,&quot;shape_divider_bottom_negative&quot;:&quot;yes&quot;}\" data-core-v316-plus=\"true\">\n\t\t\t\t\t<div class=\"e-con-inner\">\n\t\t\t\t<div class=\"elementor-shape elementor-shape-bottom\" data-negative=\"true\">\n\t\t\t<svg xmlns=\"http:\/\/www.w3.org\/2000\/svg\" viewbox=\"0 0 700 10\" preserveaspectratio=\"none\">\n\t<path class=\"elementor-shape-fill\" d=\"M360 0L350 9.9 340 0 0 0 0 10 700 10 700 0\"\/>\n<\/svg>\t\t<\/div>\n\t\t\t\t<div class=\"elementor-element elementor-element-f674f1c elementor-widget elementor-widget-heading\" data-id=\"f674f1c\" data-element_type=\"widget\" data-widget_type=\"heading.default\">\n\t\t\t\t<div class=\"elementor-widget-container\">\n\t\t\t<style>\/*! elementor - v3.20.0 - 26-03-2024 *\/\n.elementor-heading-title{padding:0;margin:0;line-height:1}.elementor-widget-heading .elementor-heading-title[class*=elementor-size-]>a{color:inherit;font-size:inherit;line-height:inherit}.elementor-widget-heading .elementor-heading-title.elementor-size-small{font-size:15px}.elementor-widget-heading .elementor-heading-title.elementor-size-medium{font-size:19px}.elementor-widget-heading .elementor-heading-title.elementor-size-large{font-size:29px}.elementor-widget-heading .elementor-heading-title.elementor-size-xl{font-size:39px}.elementor-widget-heading .elementor-heading-title.elementor-size-xxl{font-size:59px}<\/style><h2 class=\"elementor-heading-title elementor-size-default\">Who We Are ?<\/h2>\t\t<\/div>\n\t\t\t\t<\/div>\n\t\t\t\t\t<\/div>\n\t\t\t\t<\/div>\n\t\t<div class=\"elementor-element elementor-element-d5a35bc e-flex e-con-boxed e-con e-parent\" data-id=\"d5a35bc\" data-element_type=\"container\" data-core-v316-plus=\"true\">\n\t\t\t\t\t<div class=\"e-con-inner\">\n\t\t\t\t<div class=\"elementor-element elementor-element-2fbb3e1 elementor-widget elementor-widget-text-editor\" data-id=\"2fbb3e1\" data-element_type=\"widget\" data-widget_type=\"text-editor.default\">\n\t\t\t\t<div class=\"elementor-widget-container\">\n\t\t\t<style>\/*! elementor - v3.20.0 - 26-03-2024 *\/\n.elementor-widget-text-editor.elementor-drop-cap-view-stacked .elementor-drop-cap{background-color:#69727d;color:#fff}.elementor-widget-text-editor.elementor-drop-cap-view-framed .elementor-drop-cap{color:#69727d;border:3px solid;background-color:transparent}.elementor-widget-text-editor:not(.elementor-drop-cap-view-default) .elementor-drop-cap{margin-top:8px}.elementor-widget-text-editor:not(.elementor-drop-cap-view-default) .elementor-drop-cap-letter{width:1em;height:1em}.elementor-widget-text-editor .elementor-drop-cap{float:left;text-align:center;line-height:1;font-size:50px}.elementor-widget-text-editor .elementor-drop-cap-letter{display:inline-block}<\/style>\t\t\t\t<p>Wave, Tekirda\u011f \u00c7orlu merkezli 2500 metrekarelik modern tesisinde; tuvalet ka\u011f\u0131d\u0131, ka\u011f\u0131t havlu ve pe\u00e7ete \u00fcretimi konusunda uzmanla\u015fm\u0131\u015f bir ka\u011f\u0131t \u00fcr\u00fcnleri markas\u0131d\u0131r. Sekt\u00f6rdeki y\u0131llara dayanan deneyimi ve yenilik\u00e7i yakla\u015f\u0131m\u0131yla, m\u00fc\u015fterilere kaliteli, g\u00fcvenilir ve \u00e7evre dostu \u00fcr\u00fcnler sunmaktad\u0131r. Hassas kalite kontrol s\u00fcre\u00e7lerinden ge\u00e7en her \u00fcr\u00fcn, modern teknolojiyle bulu\u015farak m\u00fc\u015fteri beklentilerini kar\u015f\u0131lamay\u0131 ama\u00e7lar. Wave, \u00e7evresel sorumlulu\u011funu bilin\u00e7li bir \u015fekilde yerine getirerek s\u00fcrd\u00fcr\u00fclebilir pratiklere odaklanm\u0131\u015f, sekt\u00f6rde g\u00fc\u00e7l\u00fc bir marka konumunda bulunmaktad\u0131r.<\/p>\t\t\t\t\t\t<\/div>\n\t\t\t\t<\/div>\n\t\t\t\t\t<\/div>\n\t\t\t\t<\/div>\n\t\t<div class=\"elementor-element elementor-element-74d0245 e-flex e-con-boxed e-con e-parent\" data-id=\"74d0245\" data-element_type=\"container\" data-core-v316-plus=\"true\">\n\t\t\t\t\t<div class=\"e-con-inner\">\n\t\t<div class=\"elementor-element elementor-element-3bd4959 e-con-full e-flex e-con e-child\" data-id=\"3bd4959\" data-element_type=\"container\">\n\t\t\t\t<div class=\"elementor-element elementor-element-584c7b3 elementor-widget elementor-widget-heading\" data-id=\"584c7b3\" data-element_type=\"widget\" data-widget_type=\"heading.default\">\n\t\t\t\t<div class=\"elementor-widget-container\">\n\t\t\t<h2 class=\"elementor-heading-title elementor-size-default\">CERTIFICATES<\/h2>\t\t<\/div>\n\t\t\t\t<\/div>\n\t\t\t\t<\/div>\n\t\t<div class=\"elementor-element elementor-element-9cb095a e-con-full e-flex e-con e-child\" data-id=\"9cb095a\" data-element_type=\"container\">\n\t\t\t\t<div class=\"elementor-element elementor-element-b6326b1 elementor-widget elementor-widget-image\" data-id=\"b6326b1\" data-element_type=\"widget\" data-widget_type=\"image.default\">\n\t\t\t\t<div class=\"elementor-widget-container\">\n\t\t\t<style>\/*! elementor - v3.20.0 - 26-03-2024 *\/\n.elementor-widget-image{text-align:center}.elementor-widget-image a{display:inline-block}.elementor-widget-image a img[src$=\".svg\"]{width:48px}.elementor-widget-image img{vertical-align:middle;display:inline-block}<\/style>\t\t\t\t\t\t\t\t\t\t<img fetchpriority=\"high\" decoding=\"async\" width=\"768\" height=\"177\" src=\"https:\/\/deniss.com.tr\/wp-content\/uploads\/2024\/05\/belgeler-1536x354-1-768x177.jpg\" class=\"attachment-medium_large size-medium_large wp-image-988058\" alt=\"\" srcset=\"https:\/\/deniss.com.tr\/wp-content\/uploads\/2024\/05\/belgeler-1536x354-1-768x177.jpg 768w, https:\/\/deniss.com.tr\/wp-content\/uploads\/2024\/05\/belgeler-1536x354-1-640x148.jpg 640w, https:\/\/deniss.com.tr\/wp-content\/uploads\/2024\/05\/belgeler-1536x354-1-300x69.jpg 300w, https:\/\/deniss.com.tr\/wp-content\/uploads\/2024\/05\/belgeler-1536x354-1-1024x236.jpg 1024w, https:\/\/deniss.com.tr\/wp-content\/uploads\/2024\/05\/belgeler-1536x354-1.jpg 1536w\" sizes=\"(max-width: 768px) 100vw, 768px\" \/>\t\t\t\t\t\t\t\t\t\t\t\t\t<\/div>\n\t\t\t\t<\/div>\n\t\t\t\t<\/div>\n\t\t\t\t\t<\/div>\n\t\t\t\t<\/div>\n\t\t\t\t<\/div>","protected":false},"excerpt":{"rendered":"<p>Biz Kimiz ? Wave, Tekirda\u011f \u00c7orlu merkezli 2500 metrekarelik modern tesisinde; tuvalet ka\u011f\u0131d\u0131, ka\u011f\u0131t havlu ve pe\u00e7ete \u00fcretimi konusunda uzmanla\u015fm\u0131\u015f bir ka\u011f\u0131t \u00fcr\u00fcnleri markas\u0131d\u0131r. Sekt\u00f6rdeki y\u0131llara dayanan deneyimi ve yenilik\u00e7i yakla\u015f\u0131m\u0131yla, m\u00fc\u015fterilere kaliteli, g\u00fcvenilir ve \u00e7evre dostu \u00fcr\u00fcnler sunmaktad\u0131r. Hassas kalite kontrol s\u00fcre\u00e7lerinden ge\u00e7en her \u00fcr\u00fcn, modern teknolojiyle bulu\u015farak m\u00fc\u015fteri beklentilerini kar\u015f\u0131lamay\u0131 ama\u00e7lar. Wave, \u00e7evresel&#8230;<\/p>","protected":false},"author":1,"featured_media":0,"parent":0,"menu_order":0,"comment_status":"closed","ping_status":"closed","template":"","meta":{"footnotes":""},"class_list":["post-987738","page","type-page","status-publish","hentry"],"_links":{"self":[{"href":"https:\/\/deniss.com.tr\/en\/wp-json\/wp\/v2\/pages\/987738","targetHints":{"allow":["GET"]}}],"collection":[{"href":"https:\/\/deniss.com.tr\/en\/wp-json\/wp\/v2\/pages"}],"about":[{"href":"https:\/\/deniss.com.tr\/en\/wp-json\/wp\/v2\/types\/page"}],"author":[{"embeddable":true,"href":"https:\/\/deniss.com.tr\/en\/wp-json\/wp\/v2\/users\/1"}],"replies":[{"embeddable":true,"href":"https:\/\/deniss.com.tr\/en\/wp-json\/wp\/v2\/comments?post=987738"}],"version-history":[{"count":32,"href":"https:\/\/deniss.com.tr\/en\/wp-json\/wp\/v2\/pages\/987738\/revisions"}],"predecessor-version":[{"id":988777,"href":"https:\/\/deniss.com.tr\/en\/wp-json\/wp\/v2\/pages\/987738\/revisions\/988777"}],"wp:attachment":[{"href":"https:\/\/deniss.com.tr\/en\/wp-json\/wp\/v2\/media?parent=987738"}],"curies":[{"name":"wp","href":"https:\/\/api.w.org\/{rel}","templated":true}]}}