{"id":988178,"date":"2025-04-22T16:20:57","date_gmt":"2025-04-22T16:20:57","guid":{"rendered":"https:\/\/arsonkagit.com\/?post_type=product&#038;p=988178"},"modified":"2026-04-22T13:22:35","modified_gmt":"2026-04-22T13:22:35","slug":"deniss-mega-dev-havlu","status":"publish","type":"product","link":"https:\/\/deniss.com.tr\/en\/product\/deniss-mega-dev-havlu\/","title":{"rendered":"60654014 WAVE MEGA DEV HAVLU"},"content":{"rendered":"<div class=\"vgblk-rw-wrapper limit-wrapper\">\n<table id=\"tablepress-90054014\" class=\"tablepress tablepress-id-90054014\">\n<thead>\n<tr class=\"row-1 odd\">\n\t<th class=\"column-1\">Product Specifications<\/th><th class=\"column-2\"><\/th>\n<\/tr>\n<\/thead>\n<tbody class=\"row-hover\">\n<tr class=\"row-2 even\">\n\t<td class=\"column-1\">Product Code<\/td><td class=\"column-2\">60654014<\/td>\n<\/tr>\n<tr class=\"row-3 odd\">\n\t<td class=\"column-1\">Ply<\/td><td class=\"column-2\">2<\/td>\n<\/tr>\n<tr class=\"row-4 even\">\n\t<td class=\"column-1\">GSM (Gr\/m2)<\/td><td class=\"column-2\">23<\/td>\n<\/tr>\n<tr class=\"row-5 odd\">\n\t<td class=\"column-1\">Sheet Width (cm)<\/td><td class=\"column-2\">20<\/td>\n<\/tr>\n<tr class=\"row-6 even\">\n\t<td class=\"column-1\">Sheet Length (cm)<\/td><td class=\"column-2\">22,5<\/td>\n<\/tr>\n<tr class=\"row-7 odd\">\n\t<td class=\"column-1\">Sheet #<\/td><td class=\"column-2\">200<\/td>\n<\/tr>\n<tr class=\"row-8 even\">\n\t<td class=\"column-1\">Roll Length (mt)<\/td><td class=\"column-2\">45<\/td>\n<\/tr>\n<tr class=\"row-9 odd\">\n\t<td class=\"column-1\">Roll in Package<\/td><td class=\"column-2\">6<\/td>\n<\/tr>\n<tr class=\"row-10 even\">\n\t<td class=\"column-1\">Package Weight (gr)<\/td><td class=\"column-2\">2697<\/td>\n<\/tr>\n<\/tbody>\n<\/table>\n<!-- #tablepress-90054014 from cache --><\/div>\n<p><!-- .vgblk-rw-wrapper --><\/p>","protected":false},"excerpt":{"rendered":"<p>Wave Ka\u011f\u0131t Havlu, y\u00fcksek emicilik ve dayan\u0131kl\u0131l\u0131k sunar. Dayan\u0131kl\u0131 yap\u0131s\u0131 sayesinde kolayca da\u011f\u0131lmaz.\u00d6zel dokusu ekstra yumu\u015fakt\u0131r ve hassas y\u00fczeylerde bile %100 g\u00fcvenle kullanabilirsiniz.<\/p>\n<p><strong>Made from 100% pure cellulose.<\/strong><\/p>","protected":false},"featured_media":988739,"template":"","meta":[],"product_cat":[78],"product_tag":[],"class_list":{"0":"post-988178","1":"product","2":"type-product","3":"status-publish","4":"has-post-thumbnail","6":"product_cat-kagit-havlu","8":"first","9":"instock","10":"shipping-taxable","11":"product-type-simple"},"_links":{"self":[{"href":"https:\/\/deniss.com.tr\/en\/wp-json\/wp\/v2\/product\/988178","targetHints":{"allow":["GET"]}}],"collection":[{"href":"https:\/\/deniss.com.tr\/en\/wp-json\/wp\/v2\/product"}],"about":[{"href":"https:\/\/deniss.com.tr\/en\/wp-json\/wp\/v2\/types\/product"}],"wp:featuredmedia":[{"embeddable":true,"href":"https:\/\/deniss.com.tr\/en\/wp-json\/wp\/v2\/media\/988739"}],"wp:attachment":[{"href":"https:\/\/deniss.com.tr\/en\/wp-json\/wp\/v2\/media?parent=988178"}],"wp:term":[{"taxonomy":"product_cat","embeddable":true,"href":"https:\/\/deniss.com.tr\/en\/wp-json\/wp\/v2\/product_cat?post=988178"},{"taxonomy":"product_tag","embeddable":true,"href":"https:\/\/deniss.com.tr\/en\/wp-json\/wp\/v2\/product_tag?post=988178"}],"curies":[{"name":"wp","href":"https:\/\/api.w.org\/{rel}","templated":true}]}}