{"id":988793,"date":"2026-05-04T11:57:05","date_gmt":"2026-05-04T11:57:05","guid":{"rendered":"https:\/\/deniss.com.tr\/?post_type=product&#038;p=988793"},"modified":"2026-05-04T12:09:31","modified_gmt":"2026-05-04T12:09:31","slug":"40409015-v-katli-pecete","status":"publish","type":"product","link":"https:\/\/deniss.com.tr\/en\/product\/40409015-v-katli-pecete\/","title":{"rendered":"40409015 V KATLI PE\u00c7ETE"},"content":{"rendered":"<div class=\"vgblk-rw-wrapper limit-wrapper\">\n<table id=\"tablepress-42\" class=\"tablepress tablepress-id-42\">\n<thead>\n<tr class=\"row-1 odd\">\n\t<th class=\"column-1\">Product Specifications<\/th><th class=\"column-2\"><\/th>\n<\/tr>\n<\/thead>\n<tbody class=\"row-hover\">\n<tr class=\"row-2 even\">\n\t<td class=\"column-1\">Product Code<\/td><td class=\"column-2\">40409015<\/td>\n<\/tr>\n<tr class=\"row-3 odd\">\n\t<td class=\"column-1\">Yaprak Eni (cm)<\/td><td class=\"column-2\">11,5<\/td>\n<\/tr>\n<tr class=\"row-4 even\">\n\t<td class=\"column-1\">Sheet Length (cm)<\/td><td class=\"column-2\">20<\/td>\n<\/tr>\n<tr class=\"row-5 odd\">\n\t<td class=\"column-1\">Ply<\/td><td class=\"column-2\">2<\/td>\n<\/tr>\n<tr class=\"row-6 even\">\n\t<td class=\"column-1\">Koli \u0130\u00e7i Adedi<\/td><td class=\"column-2\">18<\/td>\n<\/tr>\n<tr class=\"row-7 odd\">\n\t<td class=\"column-1\">Sheet #<\/td><td class=\"column-2\">150<\/td>\n<\/tr>\n<\/tbody>\n<\/table>\n<!-- #tablepress-42 from cache --><\/div>\n<p><!-- .vgblk-rw-wrapper --><\/p>","protected":false},"excerpt":{"rendered":"<div class=\"elementor-element elementor-element-1243d07 e-flex e-con-boxed e-con e-parent\" data-id=\"1243d07\" data-element_type=\"container\" data-core-v316-plus=\"true\">\n<div class=\"e-con-inner\">\n<div class=\"elementor-element elementor-element-4cab9a9 elementor-widget elementor-widget-woocommerce-product-short-description\" data-id=\"4cab9a9\" data-element_type=\"widget\" data-widget_type=\"woocommerce-product-short-description.default\">\n<div class=\"elementor-widget-container\">\n<div class=\"woocommerce-product-details__short-description\">\n<div class=\"vgblk-rw-wrapper limit-wrapper\">\n<p>Wave V Katl\u0131 Pe\u00e7ete, y\u00fcksek emicilik ve dayan\u0131kl\u0131l\u0131k sunar. Dayan\u0131kl\u0131 yap\u0131s\u0131 sayesinde kolayca da\u011f\u0131lmaz.\u00d6zel dokusu ekstra yumu\u015fakt\u0131r ve hassas y\u00fczeylerde bile %100 g\u00fcvenle kullanabilirsiniz.<strong>Made from 100% pure cellulose.<\/strong><\/p>\n<\/div>\n<\/div>\n<\/div>\n<\/div>\n<\/div>\n<\/div>\n<div class=\"elementor-element elementor-element-b50143d e-flex e-con-boxed e-con e-parent\" data-id=\"b50143d\" data-element_type=\"container\" data-core-v316-plus=\"true\">\n<div class=\"e-con-inner\">\n<div class=\"elementor-element elementor-element-aa5ac6d e-con-full e-flex e-con e-child\" data-id=\"aa5ac6d\" data-element_type=\"container\">\n<div class=\"elementor-element elementor-element-d624e12 yes elementor-widget elementor-widget-woocommerce-product-images\" data-id=\"d624e12\" data-element_type=\"widget\" data-widget_type=\"woocommerce-product-images.default\">\n<div class=\"elementor-widget-container\">\n<div class=\"woocommerce-product-gallery woocommerce-product-gallery--with-images woocommerce-product-gallery--columns-4 images\" data-columns=\"4\">\n<div class=\"woocommerce-product-gallery__wrapper\">\n<div class=\"woocommerce-product-gallery__image\" data-thumb=\"https:\/\/arsonkagit.com\/wp-content\/uploads\/2026\/04\/40409028-1-320x320.png\" data-thumb-alt=\"\"><\/div>\n<\/div>\n<\/div>\n<\/div>\n<\/div>\n<\/div>\n<\/div>\n<\/div>","protected":false},"featured_media":988794,"template":"","meta":[],"product_cat":[84],"product_tag":[],"class_list":{"0":"post-988793","1":"product","2":"type-product","3":"status-publish","4":"has-post-thumbnail","6":"product_cat-v-katli","8":"first","9":"instock","10":"shipping-taxable","11":"product-type-simple"},"_links":{"self":[{"href":"https:\/\/deniss.com.tr\/en\/wp-json\/wp\/v2\/product\/988793","targetHints":{"allow":["GET"]}}],"collection":[{"href":"https:\/\/deniss.com.tr\/en\/wp-json\/wp\/v2\/product"}],"about":[{"href":"https:\/\/deniss.com.tr\/en\/wp-json\/wp\/v2\/types\/product"}],"wp:featuredmedia":[{"embeddable":true,"href":"https:\/\/deniss.com.tr\/en\/wp-json\/wp\/v2\/media\/988794"}],"wp:attachment":[{"href":"https:\/\/deniss.com.tr\/en\/wp-json\/wp\/v2\/media?parent=988793"}],"wp:term":[{"taxonomy":"product_cat","embeddable":true,"href":"https:\/\/deniss.com.tr\/en\/wp-json\/wp\/v2\/product_cat?post=988793"},{"taxonomy":"product_tag","embeddable":true,"href":"https:\/\/deniss.com.tr\/en\/wp-json\/wp\/v2\/product_tag?post=988793"}],"curies":[{"name":"wp","href":"https:\/\/api.w.org\/{rel}","templated":true}]}}